{"id":2961,"date":"2020-10-18T18:24:57","date_gmt":"2020-10-18T18:24:57","guid":{"rendered":"http:\/\/tekker.eu\/?page_id=2961"},"modified":"2020-10-23T07:45:42","modified_gmt":"2020-10-23T07:45:42","slug":"ripplaed","status":"publish","type":"page","link":"https:\/\/www.tekker.eu\/et\/ripplaed\/","title":{"rendered":"Ripplaed"},"content":{"rendered":"<div class=\"wpb-content-wrapper\"><p>[vc_row full_width=&#8221;stretch_row&#8221; cms_row_overflow=&#8221;row-overflow-unset&#8221; css=&#8221;.vc_custom_1603439131610{margin-top: 0px !important;padding-top: 100px !important;padding-bottom: 100px !important;background-image: url(http:\/\/tekker.eu\/wp-content\/uploads\/2020\/10\/taust_02.jpg?id=3294) !important;}&#8221;][vc_column width=&#8221;1\/2&#8243;][cms_heading cms_template=&#8221;cms_heading&#8211;layout2.php&#8221; subtitle=&#8221;Oma ala ekspert&#8221; text=&#8221;Tekker paigaldab ripplagesid&#8221;][vc_empty_space][vc_column_text]Ripplaed on samal ajal nii head helisummutajad kui ka ruumikujunduse elemendid. Ripplaed ja akustilised lahendused v\u00e4hendavad h\u00e4irivat taustam\u00fcra ning aitavad luua keskkonna, kus inimesel on mugav ja hea olla. Kogenud spetsialistidena pakume professionaalset ja kvaliteetset ripplagede paigaldusteenust ning aitame leida parima ripplagede planeeringu.[\/vc_column_text][\/vc_column][\/vc_row]<\/p>\n<\/div>","protected":false},"excerpt":{"rendered":"<p>[vc_row full_width=&#8221;stretch_row&#8221; cms_row_overflow=&#8221;row-overflow-unset&#8221; css=&#8221;.vc_custom_1603439131610{margin-top: 0px !important;padding-top: 100px !important;padding-bottom: 100px !important;background-image: url(http:\/\/tekker.eu\/wp-content\/uploads\/2020\/10\/taust_02.jpg?id=3294) !important;}&#8221;][vc_column width=&#8221;1\/2&#8243;][cms_heading cms_template=&#8221;cms_heading&#8211;layout2.php&#8221; subtitle=&#8221;Oma ala ekspert&#8221; text=&#8221;Tekker paigaldab ripplagesid&#8221;][vc_empty_space][vc_column_text]Ripplaed on samal ajal nii head helisummutajad kui ka ruumikujunduse elemendid. Ripplaed ja akustilised lahendused v\u00e4hendavad h\u00e4irivat taustam\u00fcra ning aitavad luua keskkonna, kus inimesel on mugav ja hea olla. Kogenud spetsialistidena pakume professionaalset ja kvaliteetset ripplagede [&hellip;]<\/p>\n","protected":false},"author":3,"featured_media":0,"parent":0,"menu_order":0,"comment_status":"closed","ping_status":"closed","template":"","meta":{"_acf_changed":false,"footnotes":""},"class_list":["post-2961","page","type-page","status-publish","hentry"],"acf":[],"yoast_head":"<!-- This site is optimized with the Yoast SEO plugin v27.4 - https:\/\/yoast.com\/product\/yoast-seo-wordpress\/ -->\n<title>Ripplaed - Tekker<\/title>\n<meta name=\"robots\" content=\"index, follow, max-snippet:-1, max-image-preview:large, max-video-preview:-1\" \/>\n<link rel=\"canonical\" href=\"https:\/\/tekker.eu\/alakatot\/\" \/>\n<meta property=\"og:locale\" content=\"et_EE\" \/>\n<meta property=\"og:type\" content=\"article\" \/>\n<meta property=\"og:title\" content=\"Ripplaed - Tekker\" \/>\n<meta property=\"og:description\" content=\"[vc_row full_width=&#8221;stretch_row&#8221; cms_row_overflow=&#8221;row-overflow-unset&#8221; css=&#8221;.vc_custom_1603439131610{margin-top: 0px !important;padding-top: 100px !important;padding-bottom: 100px !important;background-image: url(http:\/\/tekker.eu\/wp-content\/uploads\/2020\/10\/taust_02.jpg?id=3294) !important;}&#8221;][vc_column width=&#8221;1\/2&#8243;][cms_heading cms_template=&#8221;cms_heading&#8211;layout2.php&#8221; subtitle=&#8221;Oma ala ekspert&#8221; text=&#8221;Tekker paigaldab ripplagesid&#8221;][vc_empty_space][vc_column_text]Ripplaed on samal ajal nii head helisummutajad kui ka ruumikujunduse elemendid. Ripplaed ja akustilised lahendused v\u00e4hendavad h\u00e4irivat taustam\u00fcra ning aitavad luua keskkonna, kus inimesel on mugav ja hea olla. Kogenud spetsialistidena pakume professionaalset ja kvaliteetset ripplagede [&hellip;]\" \/>\n<meta property=\"og:url\" content=\"https:\/\/tekker.eu\/alakatot\/\" \/>\n<meta property=\"og:site_name\" content=\"Tekker\" \/>\n<meta property=\"article:modified_time\" content=\"2020-10-23T07:45:42+00:00\" \/>\n<meta name=\"twitter:card\" content=\"summary_large_image\" \/>\n<meta name=\"twitter:label1\" content=\"Est. reading time\" \/>\n\t<meta name=\"twitter:data1\" content=\"1 minut\" \/>\n<script type=\"application\/ld+json\" class=\"yoast-schema-graph\">{\"@context\":\"https:\\\/\\\/schema.org\",\"@graph\":[{\"@type\":\"WebPage\",\"@id\":\"https:\\\/\\\/tekker.eu\\\/alakatot\\\/\",\"url\":\"https:\\\/\\\/tekker.eu\\\/alakatot\\\/\",\"name\":\"Ripplaed - Tekker\",\"isPartOf\":{\"@id\":\"https:\\\/\\\/tekker.eu\\\/et\\\/#website\"},\"datePublished\":\"2020-10-18T18:24:57+00:00\",\"dateModified\":\"2020-10-23T07:45:42+00:00\",\"breadcrumb\":{\"@id\":\"https:\\\/\\\/tekker.eu\\\/alakatot\\\/#breadcrumb\"},\"inLanguage\":\"et\",\"potentialAction\":[{\"@type\":\"ReadAction\",\"target\":[\"https:\\\/\\\/tekker.eu\\\/alakatot\\\/\"]}]},{\"@type\":\"BreadcrumbList\",\"@id\":\"https:\\\/\\\/tekker.eu\\\/alakatot\\\/#breadcrumb\",\"itemListElement\":[{\"@type\":\"ListItem\",\"position\":1,\"name\":\"Home\",\"item\":\"https:\\\/\\\/tekker.eu\\\/et\\\/\"},{\"@type\":\"ListItem\",\"position\":2,\"name\":\"Ripplaed\"}]},{\"@type\":\"WebSite\",\"@id\":\"https:\\\/\\\/tekker.eu\\\/et\\\/#website\",\"url\":\"https:\\\/\\\/tekker.eu\\\/et\\\/\",\"name\":\"Tekker\",\"description\":\"Just another WordPress site\",\"potentialAction\":[{\"@type\":\"SearchAction\",\"target\":{\"@type\":\"EntryPoint\",\"urlTemplate\":\"https:\\\/\\\/tekker.eu\\\/et\\\/?s={search_term_string}\"},\"query-input\":{\"@type\":\"PropertyValueSpecification\",\"valueRequired\":true,\"valueName\":\"search_term_string\"}}],\"inLanguage\":\"et\"}]}<\/script>\n<!-- \/ Yoast SEO plugin. -->","yoast_head_json":{"title":"Ripplaed - Tekker","robots":{"index":"index","follow":"follow","max-snippet":"max-snippet:-1","max-image-preview":"max-image-preview:large","max-video-preview":"max-video-preview:-1"},"canonical":"https:\/\/tekker.eu\/alakatot\/","og_locale":"et_EE","og_type":"article","og_title":"Ripplaed - Tekker","og_description":"[vc_row full_width=&#8221;stretch_row&#8221; cms_row_overflow=&#8221;row-overflow-unset&#8221; css=&#8221;.vc_custom_1603439131610{margin-top: 0px !important;padding-top: 100px !important;padding-bottom: 100px !important;background-image: url(http:\/\/tekker.eu\/wp-content\/uploads\/2020\/10\/taust_02.jpg?id=3294) !important;}&#8221;][vc_column width=&#8221;1\/2&#8243;][cms_heading cms_template=&#8221;cms_heading&#8211;layout2.php&#8221; subtitle=&#8221;Oma ala ekspert&#8221; text=&#8221;Tekker paigaldab ripplagesid&#8221;][vc_empty_space][vc_column_text]Ripplaed on samal ajal nii head helisummutajad kui ka ruumikujunduse elemendid. Ripplaed ja akustilised lahendused v\u00e4hendavad h\u00e4irivat taustam\u00fcra ning aitavad luua keskkonna, kus inimesel on mugav ja hea olla. Kogenud spetsialistidena pakume professionaalset ja kvaliteetset ripplagede [&hellip;]","og_url":"https:\/\/tekker.eu\/alakatot\/","og_site_name":"Tekker","article_modified_time":"2020-10-23T07:45:42+00:00","twitter_card":"summary_large_image","twitter_misc":{"Est. reading time":"1 minut"},"schema":{"@context":"https:\/\/schema.org","@graph":[{"@type":"WebPage","@id":"https:\/\/tekker.eu\/alakatot\/","url":"https:\/\/tekker.eu\/alakatot\/","name":"Ripplaed - Tekker","isPartOf":{"@id":"https:\/\/tekker.eu\/et\/#website"},"datePublished":"2020-10-18T18:24:57+00:00","dateModified":"2020-10-23T07:45:42+00:00","breadcrumb":{"@id":"https:\/\/tekker.eu\/alakatot\/#breadcrumb"},"inLanguage":"et","potentialAction":[{"@type":"ReadAction","target":["https:\/\/tekker.eu\/alakatot\/"]}]},{"@type":"BreadcrumbList","@id":"https:\/\/tekker.eu\/alakatot\/#breadcrumb","itemListElement":[{"@type":"ListItem","position":1,"name":"Home","item":"https:\/\/tekker.eu\/et\/"},{"@type":"ListItem","position":2,"name":"Ripplaed"}]},{"@type":"WebSite","@id":"https:\/\/tekker.eu\/et\/#website","url":"https:\/\/tekker.eu\/et\/","name":"Tekker","description":"Just another WordPress site","potentialAction":[{"@type":"SearchAction","target":{"@type":"EntryPoint","urlTemplate":"https:\/\/tekker.eu\/et\/?s={search_term_string}"},"query-input":{"@type":"PropertyValueSpecification","valueRequired":true,"valueName":"search_term_string"}}],"inLanguage":"et"}]}},"_links":{"self":[{"href":"https:\/\/www.tekker.eu\/et\/wp-json\/wp\/v2\/pages\/2961","targetHints":{"allow":["GET"]}}],"collection":[{"href":"https:\/\/www.tekker.eu\/et\/wp-json\/wp\/v2\/pages"}],"about":[{"href":"https:\/\/www.tekker.eu\/et\/wp-json\/wp\/v2\/types\/page"}],"author":[{"embeddable":true,"href":"https:\/\/www.tekker.eu\/et\/wp-json\/wp\/v2\/users\/3"}],"replies":[{"embeddable":true,"href":"https:\/\/www.tekker.eu\/et\/wp-json\/wp\/v2\/comments?post=2961"}],"version-history":[{"count":5,"href":"https:\/\/www.tekker.eu\/et\/wp-json\/wp\/v2\/pages\/2961\/revisions"}],"predecessor-version":[{"id":3302,"href":"https:\/\/www.tekker.eu\/et\/wp-json\/wp\/v2\/pages\/2961\/revisions\/3302"}],"wp:attachment":[{"href":"https:\/\/www.tekker.eu\/et\/wp-json\/wp\/v2\/media?parent=2961"}],"curies":[{"name":"wp","href":"https:\/\/api.w.org\/{rel}","templated":true}]}}