{"id":3040,"date":"2020-10-21T08:08:14","date_gmt":"2020-10-21T08:08:14","guid":{"rendered":"http:\/\/tekker.eu\/?page_id=3040"},"modified":"2020-10-23T07:48:14","modified_gmt":"2020-10-23T07:48:14","slug":"kipsseinad","status":"publish","type":"page","link":"https:\/\/www.tekker.eu\/et\/kipsseinad\/","title":{"rendered":"Kipsseinad"},"content":{"rendered":"<div class=\"wpb-content-wrapper\"><p>[vc_row full_width=&#8221;stretch_row&#8221; cms_row_overflow=&#8221;row-overflow-unset&#8221; css=&#8221;.vc_custom_1603439260013{margin-top: 0px !important;padding-top: 100px !important;padding-bottom: 100px !important;background-image: url(http:\/\/tekker.eu\/wp-content\/uploads\/2020\/10\/taust_02.jpg?id=3294) !important;}&#8221;][vc_column width=&#8221;1\/2&#8243;][cms_heading cms_template=&#8221;cms_heading&#8211;layout2.php&#8221; subtitle=&#8221;Oma ala ekspert&#8221; text=&#8221;Tekker teeb kipsit\u00f6id&#8221;][vc_empty_space][vc_column_text]Kipsplaadi tehnilised omadused ja lihtne t\u00f6\u00f6deldavus muudab selle suurep\u00e4raseks vahendiks, mis sobib nii v\u00e4ikeste ehitiste kui ka suuremate projektide jaoks. T\u00e4nu laiale karkassivalikule on v\u00f5imalik ehitada k\u00f5iksugu konstruktsioone. Kasutame vaid sertifitseeritud viimistlusmaterjale. T\u00e4nu kogenud ja professionaalsetele spetsialistidele suudame teile pakkuda kvaliteetset t\u00f6\u00f6d.[\/vc_column_text][\/vc_column][\/vc_row]<\/p>\n<\/div>","protected":false},"excerpt":{"rendered":"<p>[vc_row full_width=&#8221;stretch_row&#8221; cms_row_overflow=&#8221;row-overflow-unset&#8221; css=&#8221;.vc_custom_1603439260013{margin-top: 0px !important;padding-top: 100px !important;padding-bottom: 100px !important;background-image: url(http:\/\/tekker.eu\/wp-content\/uploads\/2020\/10\/taust_02.jpg?id=3294) !important;}&#8221;][vc_column width=&#8221;1\/2&#8243;][cms_heading cms_template=&#8221;cms_heading&#8211;layout2.php&#8221; subtitle=&#8221;Oma ala ekspert&#8221; text=&#8221;Tekker teeb kipsit\u00f6id&#8221;][vc_empty_space][vc_column_text]Kipsplaadi tehnilised omadused ja lihtne t\u00f6\u00f6deldavus muudab selle suurep\u00e4raseks vahendiks, mis sobib nii v\u00e4ikeste ehitiste kui ka suuremate projektide jaoks. T\u00e4nu laiale karkassivalikule on v\u00f5imalik ehitada k\u00f5iksugu konstruktsioone. Kasutame vaid sertifitseeritud viimistlusmaterjale. T\u00e4nu kogenud ja professionaalsetele [&hellip;]<\/p>\n","protected":false},"author":3,"featured_media":0,"parent":0,"menu_order":0,"comment_status":"closed","ping_status":"closed","template":"","meta":{"_acf_changed":false,"footnotes":""},"class_list":["post-3040","page","type-page","status-publish","hentry"],"acf":[],"yoast_head":"<!-- This site is optimized with the Yoast SEO plugin v27.4 - https:\/\/yoast.com\/product\/yoast-seo-wordpress\/ -->\n<title>Kipsseinad - Tekker<\/title>\n<meta name=\"robots\" content=\"index, follow, max-snippet:-1, max-image-preview:large, max-video-preview:-1\" \/>\n<link rel=\"canonical\" href=\"https:\/\/tekker.eu\/kipsilevyseinat\/\" \/>\n<meta property=\"og:locale\" content=\"et_EE\" \/>\n<meta property=\"og:type\" content=\"article\" \/>\n<meta property=\"og:title\" content=\"Kipsseinad - Tekker\" \/>\n<meta property=\"og:description\" content=\"[vc_row full_width=&#8221;stretch_row&#8221; cms_row_overflow=&#8221;row-overflow-unset&#8221; css=&#8221;.vc_custom_1603439260013{margin-top: 0px !important;padding-top: 100px !important;padding-bottom: 100px !important;background-image: url(http:\/\/tekker.eu\/wp-content\/uploads\/2020\/10\/taust_02.jpg?id=3294) !important;}&#8221;][vc_column width=&#8221;1\/2&#8243;][cms_heading cms_template=&#8221;cms_heading&#8211;layout2.php&#8221; subtitle=&#8221;Oma ala ekspert&#8221; text=&#8221;Tekker teeb kipsit\u00f6id&#8221;][vc_empty_space][vc_column_text]Kipsplaadi tehnilised omadused ja lihtne t\u00f6\u00f6deldavus muudab selle suurep\u00e4raseks vahendiks, mis sobib nii v\u00e4ikeste ehitiste kui ka suuremate projektide jaoks. T\u00e4nu laiale karkassivalikule on v\u00f5imalik ehitada k\u00f5iksugu konstruktsioone. Kasutame vaid sertifitseeritud viimistlusmaterjale. T\u00e4nu kogenud ja professionaalsetele [&hellip;]\" \/>\n<meta property=\"og:url\" content=\"https:\/\/tekker.eu\/kipsilevyseinat\/\" \/>\n<meta property=\"og:site_name\" content=\"Tekker\" \/>\n<meta property=\"article:modified_time\" content=\"2020-10-23T07:48:14+00:00\" \/>\n<meta name=\"twitter:card\" content=\"summary_large_image\" \/>\n<meta name=\"twitter:label1\" content=\"Est. reading time\" \/>\n\t<meta name=\"twitter:data1\" content=\"1 minut\" \/>\n<script type=\"application\/ld+json\" class=\"yoast-schema-graph\">{\"@context\":\"https:\\\/\\\/schema.org\",\"@graph\":[{\"@type\":\"WebPage\",\"@id\":\"https:\\\/\\\/tekker.eu\\\/kipsilevyseinat\\\/\",\"url\":\"https:\\\/\\\/tekker.eu\\\/kipsilevyseinat\\\/\",\"name\":\"Kipsseinad - Tekker\",\"isPartOf\":{\"@id\":\"https:\\\/\\\/tekker.eu\\\/et\\\/#website\"},\"datePublished\":\"2020-10-21T08:08:14+00:00\",\"dateModified\":\"2020-10-23T07:48:14+00:00\",\"breadcrumb\":{\"@id\":\"https:\\\/\\\/tekker.eu\\\/kipsilevyseinat\\\/#breadcrumb\"},\"inLanguage\":\"et\",\"potentialAction\":[{\"@type\":\"ReadAction\",\"target\":[\"https:\\\/\\\/tekker.eu\\\/kipsilevyseinat\\\/\"]}]},{\"@type\":\"BreadcrumbList\",\"@id\":\"https:\\\/\\\/tekker.eu\\\/kipsilevyseinat\\\/#breadcrumb\",\"itemListElement\":[{\"@type\":\"ListItem\",\"position\":1,\"name\":\"Home\",\"item\":\"https:\\\/\\\/tekker.eu\\\/et\\\/\"},{\"@type\":\"ListItem\",\"position\":2,\"name\":\"Kipsseinad\"}]},{\"@type\":\"WebSite\",\"@id\":\"https:\\\/\\\/tekker.eu\\\/et\\\/#website\",\"url\":\"https:\\\/\\\/tekker.eu\\\/et\\\/\",\"name\":\"Tekker\",\"description\":\"Just another WordPress site\",\"potentialAction\":[{\"@type\":\"SearchAction\",\"target\":{\"@type\":\"EntryPoint\",\"urlTemplate\":\"https:\\\/\\\/tekker.eu\\\/et\\\/?s={search_term_string}\"},\"query-input\":{\"@type\":\"PropertyValueSpecification\",\"valueRequired\":true,\"valueName\":\"search_term_string\"}}],\"inLanguage\":\"et\"}]}<\/script>\n<!-- \/ Yoast SEO plugin. -->","yoast_head_json":{"title":"Kipsseinad - Tekker","robots":{"index":"index","follow":"follow","max-snippet":"max-snippet:-1","max-image-preview":"max-image-preview:large","max-video-preview":"max-video-preview:-1"},"canonical":"https:\/\/tekker.eu\/kipsilevyseinat\/","og_locale":"et_EE","og_type":"article","og_title":"Kipsseinad - Tekker","og_description":"[vc_row full_width=&#8221;stretch_row&#8221; cms_row_overflow=&#8221;row-overflow-unset&#8221; css=&#8221;.vc_custom_1603439260013{margin-top: 0px !important;padding-top: 100px !important;padding-bottom: 100px !important;background-image: url(http:\/\/tekker.eu\/wp-content\/uploads\/2020\/10\/taust_02.jpg?id=3294) !important;}&#8221;][vc_column width=&#8221;1\/2&#8243;][cms_heading cms_template=&#8221;cms_heading&#8211;layout2.php&#8221; subtitle=&#8221;Oma ala ekspert&#8221; text=&#8221;Tekker teeb kipsit\u00f6id&#8221;][vc_empty_space][vc_column_text]Kipsplaadi tehnilised omadused ja lihtne t\u00f6\u00f6deldavus muudab selle suurep\u00e4raseks vahendiks, mis sobib nii v\u00e4ikeste ehitiste kui ka suuremate projektide jaoks. T\u00e4nu laiale karkassivalikule on v\u00f5imalik ehitada k\u00f5iksugu konstruktsioone. Kasutame vaid sertifitseeritud viimistlusmaterjale. T\u00e4nu kogenud ja professionaalsetele [&hellip;]","og_url":"https:\/\/tekker.eu\/kipsilevyseinat\/","og_site_name":"Tekker","article_modified_time":"2020-10-23T07:48:14+00:00","twitter_card":"summary_large_image","twitter_misc":{"Est. reading time":"1 minut"},"schema":{"@context":"https:\/\/schema.org","@graph":[{"@type":"WebPage","@id":"https:\/\/tekker.eu\/kipsilevyseinat\/","url":"https:\/\/tekker.eu\/kipsilevyseinat\/","name":"Kipsseinad - Tekker","isPartOf":{"@id":"https:\/\/tekker.eu\/et\/#website"},"datePublished":"2020-10-21T08:08:14+00:00","dateModified":"2020-10-23T07:48:14+00:00","breadcrumb":{"@id":"https:\/\/tekker.eu\/kipsilevyseinat\/#breadcrumb"},"inLanguage":"et","potentialAction":[{"@type":"ReadAction","target":["https:\/\/tekker.eu\/kipsilevyseinat\/"]}]},{"@type":"BreadcrumbList","@id":"https:\/\/tekker.eu\/kipsilevyseinat\/#breadcrumb","itemListElement":[{"@type":"ListItem","position":1,"name":"Home","item":"https:\/\/tekker.eu\/et\/"},{"@type":"ListItem","position":2,"name":"Kipsseinad"}]},{"@type":"WebSite","@id":"https:\/\/tekker.eu\/et\/#website","url":"https:\/\/tekker.eu\/et\/","name":"Tekker","description":"Just another WordPress site","potentialAction":[{"@type":"SearchAction","target":{"@type":"EntryPoint","urlTemplate":"https:\/\/tekker.eu\/et\/?s={search_term_string}"},"query-input":{"@type":"PropertyValueSpecification","valueRequired":true,"valueName":"search_term_string"}}],"inLanguage":"et"}]}},"_links":{"self":[{"href":"https:\/\/www.tekker.eu\/et\/wp-json\/wp\/v2\/pages\/3040","targetHints":{"allow":["GET"]}}],"collection":[{"href":"https:\/\/www.tekker.eu\/et\/wp-json\/wp\/v2\/pages"}],"about":[{"href":"https:\/\/www.tekker.eu\/et\/wp-json\/wp\/v2\/types\/page"}],"author":[{"embeddable":true,"href":"https:\/\/www.tekker.eu\/et\/wp-json\/wp\/v2\/users\/3"}],"replies":[{"embeddable":true,"href":"https:\/\/www.tekker.eu\/et\/wp-json\/wp\/v2\/comments?post=3040"}],"version-history":[{"count":5,"href":"https:\/\/www.tekker.eu\/et\/wp-json\/wp\/v2\/pages\/3040\/revisions"}],"predecessor-version":[{"id":3304,"href":"https:\/\/www.tekker.eu\/et\/wp-json\/wp\/v2\/pages\/3040\/revisions\/3304"}],"wp:attachment":[{"href":"https:\/\/www.tekker.eu\/et\/wp-json\/wp\/v2\/media?parent=3040"}],"curies":[{"name":"wp","href":"https:\/\/api.w.org\/{rel}","templated":true}]}}