{"id":352,"date":"2019-06-06T02:54:58","date_gmt":"2019-06-06T02:54:58","guid":{"rendered":"http:\/\/7oroof.com\/tfdemos\/lamba\/?page_id=352"},"modified":"2023-09-20T12:00:08","modified_gmt":"2023-09-20T12:00:08","slug":"tehtud-tood","status":"publish","type":"page","link":"https:\/\/www.tekker.eu\/et\/tehtud-tood\/","title":{"rendered":"Tehtud t\u00f6\u00f6d"},"content":{"rendered":"<div class=\"wpb-content-wrapper\"><p>[vc_row full_width=&#8221;stretch_row&#8221; cms_row_overflow=&#8221;row-overflow-unset&#8221; css=&#8221;.vc_custom_1603538318054{margin-top: 0px !important;padding-top: 100px !important;padding-bottom: 100px !important;background-image: url(http:\/\/tekker.eu\/wp-content\/uploads\/2020\/10\/taust_02.jpg?id=3294) !important;}&#8221;][vc_column offset=&#8221;vc_col-lg-10&#8243;][cms_heading cms_template=&#8221;cms_heading&#8211;layout2.php&#8221; subtitle=&#8221;M\u00f5ned n\u00e4ited tehtud t\u00f6\u00f6dest&#8221; text=&#8221;Oleme t\u00f5estanud end mitmete suurte ja<br \/>\nkeerukate projektidega&#8221;][vc_empty_space height=&#8221;35px&#8221;][\/vc_column][\/vc_row][vc_row][vc_column][vc_empty_space height=&#8221;50px&#8221;][cms_portfolio_grid custom_source=&#8221;true&#8221; limit=&#8221;20&#8243; img_size=&#8221;portfolio&#8221; layout=&#8221;basic&#8221; col_xs=&#8221;1&#8243; col_sm=&#8221;2&#8243; col_md=&#8221;2&#8243; col_lg=&#8221;3&#8243; source=&#8221;kipsseinad|portfolio-category, ripplaed|portfolio-category&#8221;][vc_empty_space height=&#8221;55px&#8221;][\/vc_column][\/vc_row][vc_row][vc_column][cms_clients_carousel client_item=&#8221;%5B%7B%22image%22%3A%223227%22%7D%2C%7B%22image%22%3A%223233%22%7D%2C%7B%22image%22%3A%223254%22%7D%2C%7B%22image%22%3A%223251%22%7D%2C%7B%22image%22%3A%223256%22%7D%5D&#8221; col_xs=&#8221;1&#8243; col_sm=&#8221;2&#8243; col_md=&#8221;3&#8243; col_lg=&#8221;6&#8243; margin=&#8221;0&#8243; loop=&#8221;true&#8221; autoplay=&#8221;true&#8221; autoplay_timeout=&#8221;2400&#8243;][vc_empty_space height=&#8221;50px&#8221;][\/vc_column][\/vc_row][vc_row][vc_column][vc_empty_space height=&#8221;55px&#8221;][\/vc_column][\/vc_row][vc_row][vc_column width=&#8221;1\/2&#8243;][cms_heading cms_template=&#8221;cms_heading&#8211;layout2.php&#8221; subtitle=&#8221;Leiame koos sinu projekti jaoks sobiva lahenduse&#8221; text=&#8221;V\u00f5ta meiega \u00fchendust&#8221;][vc_column_text css=&#8221;.vc_custom_1603570330672{margin-top: 26px !important;border-bottom-width: 27px !important;}&#8221;]T\u00e4nap\u00e4eval teadvustatakse \u00fcha enam ruumi kvaliteedi olulisust, sest see m\u00f5jutab otseselt meie heaolu ja t\u00f6\u00f6viljakust. Tekker soovib pakkuda oma t\u00f6\u00f6ga iga projekti jaoks parima lahenduse.[\/vc_column_text][\/vc_column][vc_column width=&#8221;1\/2&#8243;][cms_space space_lg=&#8221;17&#8243; space_md=&#8221;17&#8243; space_sm=&#8221;17&#8243; space_xs=&#8221;17&#8243;][cms_contact_form id=&#8221;1089&#8243;][\/vc_column][\/vc_row]<\/p>\n<\/div>","protected":false},"excerpt":{"rendered":"<p>[vc_row full_width=&#8221;stretch_row&#8221; cms_row_overflow=&#8221;row-overflow-unset&#8221; css=&#8221;.vc_custom_1603538318054{margin-top: 0px !important;padding-top: 100px !important;padding-bottom: 100px !important;background-image: url(http:\/\/tekker.eu\/wp-content\/uploads\/2020\/10\/taust_02.jpg?id=3294) !important;}&#8221;][vc_column offset=&#8221;vc_col-lg-10&#8243;][cms_heading cms_template=&#8221;cms_heading&#8211;layout2.php&#8221; subtitle=&#8221;M\u00f5ned n\u00e4ited tehtud t\u00f6\u00f6dest&#8221; text=&#8221;Oleme t\u00f5estanud end mitmete suurte ja keerukate projektidega&#8221;][vc_empty_space height=&#8221;35px&#8221;][\/vc_column][\/vc_row][vc_row][vc_column][vc_empty_space height=&#8221;50px&#8221;][cms_portfolio_grid custom_source=&#8221;true&#8221; limit=&#8221;20&#8243; img_size=&#8221;portfolio&#8221; layout=&#8221;basic&#8221; col_xs=&#8221;1&#8243; col_sm=&#8221;2&#8243; col_md=&#8221;2&#8243; col_lg=&#8221;3&#8243; source=&#8221;kipsseinad|portfolio-category, ripplaed|portfolio-category&#8221;][vc_empty_space height=&#8221;55px&#8221;][\/vc_column][\/vc_row][vc_row][vc_column][cms_clients_carousel client_item=&#8221;%5B%7B%22image%22%3A%223227%22%7D%2C%7B%22image%22%3A%223233%22%7D%2C%7B%22image%22%3A%223254%22%7D%2C%7B%22image%22%3A%223251%22%7D%2C%7B%22image%22%3A%223256%22%7D%5D&#8221; col_xs=&#8221;1&#8243; col_sm=&#8221;2&#8243; col_md=&#8221;3&#8243; col_lg=&#8221;6&#8243; margin=&#8221;0&#8243; loop=&#8221;true&#8221; autoplay=&#8221;true&#8221; autoplay_timeout=&#8221;2400&#8243;][vc_empty_space height=&#8221;50px&#8221;][\/vc_column][\/vc_row][vc_row][vc_column][vc_empty_space height=&#8221;55px&#8221;][\/vc_column][\/vc_row][vc_row][vc_column width=&#8221;1\/2&#8243;][cms_heading cms_template=&#8221;cms_heading&#8211;layout2.php&#8221; subtitle=&#8221;Leiame koos sinu [&hellip;]<\/p>\n","protected":false},"author":3,"featured_media":0,"parent":0,"menu_order":0,"comment_status":"closed","ping_status":"closed","template":"","meta":{"_acf_changed":false,"footnotes":""},"class_list":["post-352","page","type-page","status-publish","hentry"],"acf":[],"yoast_head":"<!-- This site is optimized with the Yoast SEO plugin v27.5 - https:\/\/yoast.com\/product\/yoast-seo-wordpress\/ -->\n<title>Tehtud t\u00f6\u00f6d - Tekker<\/title>\n<meta name=\"robots\" content=\"index, follow, max-snippet:-1, max-image-preview:large, max-video-preview:-1\" \/>\n<link rel=\"canonical\" href=\"https:\/\/www.tekker.eu\/et\/tehtud-tood\/\" \/>\n<meta property=\"og:locale\" content=\"et_EE\" \/>\n<meta property=\"og:type\" content=\"article\" \/>\n<meta property=\"og:title\" content=\"Tehtud t\u00f6\u00f6d - Tekker\" \/>\n<meta property=\"og:description\" content=\"[vc_row full_width=&#8221;stretch_row&#8221; cms_row_overflow=&#8221;row-overflow-unset&#8221; css=&#8221;.vc_custom_1603538318054{margin-top: 0px !important;padding-top: 100px !important;padding-bottom: 100px !important;background-image: url(http:\/\/tekker.eu\/wp-content\/uploads\/2020\/10\/taust_02.jpg?id=3294) !important;}&#8221;][vc_column offset=&#8221;vc_col-lg-10&#8243;][cms_heading cms_template=&#8221;cms_heading&#8211;layout2.php&#8221; subtitle=&#8221;M\u00f5ned n\u00e4ited tehtud t\u00f6\u00f6dest&#8221; text=&#8221;Oleme t\u00f5estanud end mitmete suurte ja keerukate projektidega&#8221;][vc_empty_space height=&#8221;35px&#8221;][\/vc_column][\/vc_row][vc_row][vc_column][vc_empty_space height=&#8221;50px&#8221;][cms_portfolio_grid custom_source=&#8221;true&#8221; limit=&#8221;20&#8243; img_size=&#8221;portfolio&#8221; layout=&#8221;basic&#8221; col_xs=&#8221;1&#8243; col_sm=&#8221;2&#8243; col_md=&#8221;2&#8243; col_lg=&#8221;3&#8243; source=&#8221;kipsseinad|portfolio-category, ripplaed|portfolio-category&#8221;][vc_empty_space height=&#8221;55px&#8221;][\/vc_column][\/vc_row][vc_row][vc_column][cms_clients_carousel client_item=&#8221;%5B%7B%22image%22%3A%223227%22%7D%2C%7B%22image%22%3A%223233%22%7D%2C%7B%22image%22%3A%223254%22%7D%2C%7B%22image%22%3A%223251%22%7D%2C%7B%22image%22%3A%223256%22%7D%5D&#8221; col_xs=&#8221;1&#8243; col_sm=&#8221;2&#8243; col_md=&#8221;3&#8243; col_lg=&#8221;6&#8243; margin=&#8221;0&#8243; loop=&#8221;true&#8221; autoplay=&#8221;true&#8221; autoplay_timeout=&#8221;2400&#8243;][vc_empty_space height=&#8221;50px&#8221;][\/vc_column][\/vc_row][vc_row][vc_column][vc_empty_space height=&#8221;55px&#8221;][\/vc_column][\/vc_row][vc_row][vc_column width=&#8221;1\/2&#8243;][cms_heading cms_template=&#8221;cms_heading&#8211;layout2.php&#8221; subtitle=&#8221;Leiame koos sinu [&hellip;]\" \/>\n<meta property=\"og:url\" content=\"https:\/\/www.tekker.eu\/et\/tehtud-tood\/\" \/>\n<meta property=\"og:site_name\" content=\"Tekker\" \/>\n<meta property=\"article:modified_time\" content=\"2023-09-20T12:00:08+00:00\" \/>\n<meta name=\"twitter:card\" content=\"summary_large_image\" \/>\n<meta name=\"twitter:label1\" content=\"Est. reading time\" \/>\n\t<meta name=\"twitter:data1\" content=\"1 minut\" \/>\n<script type=\"application\/ld+json\" class=\"yoast-schema-graph\">{\"@context\":\"https:\\\/\\\/schema.org\",\"@graph\":[{\"@type\":\"WebPage\",\"@id\":\"https:\\\/\\\/www.tekker.eu\\\/et\\\/tehtud-tood\\\/\",\"url\":\"https:\\\/\\\/www.tekker.eu\\\/et\\\/tehtud-tood\\\/\",\"name\":\"Tehtud t\u00f6\u00f6d - Tekker\",\"isPartOf\":{\"@id\":\"https:\\\/\\\/tekker.eu\\\/#website\"},\"datePublished\":\"2019-06-06T02:54:58+00:00\",\"dateModified\":\"2023-09-20T12:00:08+00:00\",\"breadcrumb\":{\"@id\":\"https:\\\/\\\/www.tekker.eu\\\/et\\\/tehtud-tood\\\/#breadcrumb\"},\"inLanguage\":\"et\",\"potentialAction\":[{\"@type\":\"ReadAction\",\"target\":[\"https:\\\/\\\/www.tekker.eu\\\/et\\\/tehtud-tood\\\/\"]}]},{\"@type\":\"BreadcrumbList\",\"@id\":\"https:\\\/\\\/www.tekker.eu\\\/et\\\/tehtud-tood\\\/#breadcrumb\",\"itemListElement\":[{\"@type\":\"ListItem\",\"position\":1,\"name\":\"Home\",\"item\":\"https:\\\/\\\/tekker.eu\\\/et\\\/\"},{\"@type\":\"ListItem\",\"position\":2,\"name\":\"Tehtud t\u00f6\u00f6d\"}]},{\"@type\":\"WebSite\",\"@id\":\"https:\\\/\\\/tekker.eu\\\/#website\",\"url\":\"https:\\\/\\\/tekker.eu\\\/\",\"name\":\"Tekker\",\"description\":\"Just another WordPress site\",\"potentialAction\":[{\"@type\":\"SearchAction\",\"target\":{\"@type\":\"EntryPoint\",\"urlTemplate\":\"https:\\\/\\\/tekker.eu\\\/?s={search_term_string}\"},\"query-input\":{\"@type\":\"PropertyValueSpecification\",\"valueRequired\":true,\"valueName\":\"search_term_string\"}}],\"inLanguage\":\"et\"}]}<\/script>\n<!-- \/ Yoast SEO plugin. -->","yoast_head_json":{"title":"Tehtud t\u00f6\u00f6d - Tekker","robots":{"index":"index","follow":"follow","max-snippet":"max-snippet:-1","max-image-preview":"max-image-preview:large","max-video-preview":"max-video-preview:-1"},"canonical":"https:\/\/www.tekker.eu\/et\/tehtud-tood\/","og_locale":"et_EE","og_type":"article","og_title":"Tehtud t\u00f6\u00f6d - Tekker","og_description":"[vc_row full_width=&#8221;stretch_row&#8221; cms_row_overflow=&#8221;row-overflow-unset&#8221; css=&#8221;.vc_custom_1603538318054{margin-top: 0px !important;padding-top: 100px !important;padding-bottom: 100px !important;background-image: url(http:\/\/tekker.eu\/wp-content\/uploads\/2020\/10\/taust_02.jpg?id=3294) !important;}&#8221;][vc_column offset=&#8221;vc_col-lg-10&#8243;][cms_heading cms_template=&#8221;cms_heading&#8211;layout2.php&#8221; subtitle=&#8221;M\u00f5ned n\u00e4ited tehtud t\u00f6\u00f6dest&#8221; text=&#8221;Oleme t\u00f5estanud end mitmete suurte ja keerukate projektidega&#8221;][vc_empty_space height=&#8221;35px&#8221;][\/vc_column][\/vc_row][vc_row][vc_column][vc_empty_space height=&#8221;50px&#8221;][cms_portfolio_grid custom_source=&#8221;true&#8221; limit=&#8221;20&#8243; img_size=&#8221;portfolio&#8221; layout=&#8221;basic&#8221; col_xs=&#8221;1&#8243; col_sm=&#8221;2&#8243; col_md=&#8221;2&#8243; col_lg=&#8221;3&#8243; source=&#8221;kipsseinad|portfolio-category, ripplaed|portfolio-category&#8221;][vc_empty_space height=&#8221;55px&#8221;][\/vc_column][\/vc_row][vc_row][vc_column][cms_clients_carousel client_item=&#8221;%5B%7B%22image%22%3A%223227%22%7D%2C%7B%22image%22%3A%223233%22%7D%2C%7B%22image%22%3A%223254%22%7D%2C%7B%22image%22%3A%223251%22%7D%2C%7B%22image%22%3A%223256%22%7D%5D&#8221; col_xs=&#8221;1&#8243; col_sm=&#8221;2&#8243; col_md=&#8221;3&#8243; col_lg=&#8221;6&#8243; margin=&#8221;0&#8243; loop=&#8221;true&#8221; autoplay=&#8221;true&#8221; autoplay_timeout=&#8221;2400&#8243;][vc_empty_space height=&#8221;50px&#8221;][\/vc_column][\/vc_row][vc_row][vc_column][vc_empty_space height=&#8221;55px&#8221;][\/vc_column][\/vc_row][vc_row][vc_column width=&#8221;1\/2&#8243;][cms_heading cms_template=&#8221;cms_heading&#8211;layout2.php&#8221; subtitle=&#8221;Leiame koos sinu [&hellip;]","og_url":"https:\/\/www.tekker.eu\/et\/tehtud-tood\/","og_site_name":"Tekker","article_modified_time":"2023-09-20T12:00:08+00:00","twitter_card":"summary_large_image","twitter_misc":{"Est. reading time":"1 minut"},"schema":{"@context":"https:\/\/schema.org","@graph":[{"@type":"WebPage","@id":"https:\/\/www.tekker.eu\/et\/tehtud-tood\/","url":"https:\/\/www.tekker.eu\/et\/tehtud-tood\/","name":"Tehtud t\u00f6\u00f6d - Tekker","isPartOf":{"@id":"https:\/\/tekker.eu\/#website"},"datePublished":"2019-06-06T02:54:58+00:00","dateModified":"2023-09-20T12:00:08+00:00","breadcrumb":{"@id":"https:\/\/www.tekker.eu\/et\/tehtud-tood\/#breadcrumb"},"inLanguage":"et","potentialAction":[{"@type":"ReadAction","target":["https:\/\/www.tekker.eu\/et\/tehtud-tood\/"]}]},{"@type":"BreadcrumbList","@id":"https:\/\/www.tekker.eu\/et\/tehtud-tood\/#breadcrumb","itemListElement":[{"@type":"ListItem","position":1,"name":"Home","item":"https:\/\/tekker.eu\/et\/"},{"@type":"ListItem","position":2,"name":"Tehtud t\u00f6\u00f6d"}]},{"@type":"WebSite","@id":"https:\/\/tekker.eu\/#website","url":"https:\/\/tekker.eu\/","name":"Tekker","description":"Just another WordPress site","potentialAction":[{"@type":"SearchAction","target":{"@type":"EntryPoint","urlTemplate":"https:\/\/tekker.eu\/?s={search_term_string}"},"query-input":{"@type":"PropertyValueSpecification","valueRequired":true,"valueName":"search_term_string"}}],"inLanguage":"et"}]}},"_links":{"self":[{"href":"https:\/\/www.tekker.eu\/et\/wp-json\/wp\/v2\/pages\/352","targetHints":{"allow":["GET"]}}],"collection":[{"href":"https:\/\/www.tekker.eu\/et\/wp-json\/wp\/v2\/pages"}],"about":[{"href":"https:\/\/www.tekker.eu\/et\/wp-json\/wp\/v2\/types\/page"}],"author":[{"embeddable":true,"href":"https:\/\/www.tekker.eu\/et\/wp-json\/wp\/v2\/users\/3"}],"replies":[{"embeddable":true,"href":"https:\/\/www.tekker.eu\/et\/wp-json\/wp\/v2\/comments?post=352"}],"version-history":[{"count":5,"href":"https:\/\/www.tekker.eu\/et\/wp-json\/wp\/v2\/pages\/352\/revisions"}],"predecessor-version":[{"id":3592,"href":"https:\/\/www.tekker.eu\/et\/wp-json\/wp\/v2\/pages\/352\/revisions\/3592"}],"wp:attachment":[{"href":"https:\/\/www.tekker.eu\/et\/wp-json\/wp\/v2\/media?parent=352"}],"curies":[{"name":"wp","href":"https:\/\/api.w.org\/{rel}","templated":true}]}}